{"id":1703,"date":"2025-06-13T12:12:27","date_gmt":"2025-06-13T15:12:27","guid":{"rendered":"https:\/\/www.cmic.com.ar\/cmic-website\/?page_id=1703"},"modified":"2025-07-11T12:21:15","modified_gmt":"2025-07-11T15:21:15","slug":"portal-de-salud-2","status":"publish","type":"page","link":"https:\/\/www.cmic.com.ar\/cmic-website\/portal-de-salud-2\/","title":{"rendered":"Portal de Salud"},"content":{"rendered":"\t\t<div data-elementor-type=\"wp-page\" data-elementor-id=\"1703\" class=\"elementor elementor-1703\">\n\t\t\t\t\t\t<div class=\"elementor-inner\">\n\t\t\t\t<div class=\"elementor-section-wrap\">\n\t\t\t\t\t\t\t\t\t<section class=\"elementor-section elementor-top-section elementor-element elementor-element-b302c1a elementor-section-full_width elementor-section-height-default elementor-section-height-default\" data-id=\"b302c1a\" data-element_type=\"section\" data-settings=\"{&quot;_ha_eqh_enable&quot;:false}\">\n\t\t\t\t\t\t<div class=\"elementor-container elementor-column-gap-default\">\n\t\t\t\t\t\t\t<div class=\"elementor-row\">\n\t\t\t\t\t<div class=\"elementor-column elementor-col-100 elementor-top-column elementor-element elementor-element-ba704b2\" data-id=\"ba704b2\" data-element_type=\"column\">\n\t\t\t<div class=\"elementor-column-wrap elementor-element-populated\">\n\t\t\t\t\t\t\t<div class=\"elementor-widget-wrap\">\n\t\t\t\t\t\t<section class=\"elementor-section elementor-inner-section elementor-element elementor-element-30ccdc4e elementor-section-boxed elementor-section-height-default elementor-section-height-default\" data-id=\"30ccdc4e\" data-element_type=\"section\" data-settings=\"{&quot;background_background&quot;:&quot;classic&quot;,&quot;_ha_eqh_enable&quot;:false}\">\n\t\t\t\t\t\t<div class=\"elementor-container elementor-column-gap-default\">\n\t\t\t\t\t\t\t<div class=\"elementor-row\">\n\t\t\t\t\t<div class=\"elementor-column elementor-col-100 elementor-inner-column elementor-element elementor-element-36655cf7\" data-id=\"36655cf7\" data-element_type=\"column\">\n\t\t\t<div class=\"elementor-column-wrap elementor-element-populated\">\n\t\t\t\t\t\t\t<div class=\"elementor-widget-wrap\">\n\t\t\t\t\t\t<div class=\"elementor-element elementor-element-7124adc4 elementor-widget-tablet__width-initial elementor-widget-mobile__width-initial elementor-widget elementor-widget-heading\" data-id=\"7124adc4\" data-element_type=\"widget\" data-widget_type=\"heading.default\">\n\t\t\t\t<div class=\"elementor-widget-container\">\n\t\t\t<style>\/*! elementor - v3.17.0 - 08-11-2023 *\/\n.elementor-heading-title{padding:0;margin:0;line-height:1}.elementor-widget-heading .elementor-heading-title[class*=elementor-size-]>a{color:inherit;font-size:inherit;line-height:inherit}.elementor-widget-heading .elementor-heading-title.elementor-size-small{font-size:15px}.elementor-widget-heading .elementor-heading-title.elementor-size-medium{font-size:19px}.elementor-widget-heading .elementor-heading-title.elementor-size-large{font-size:29px}.elementor-widget-heading .elementor-heading-title.elementor-size-xl{font-size:39px}.elementor-widget-heading .elementor-heading-title.elementor-size-xxl{font-size:59px}<\/style><h1 class=\"elementor-heading-title elementor-size-default\">Portal de Salud<\/h1>\t\t<\/div>\n\t\t\t\t<\/div>\n\t\t\t\t<div class=\"elementor-element elementor-element-18a7b7db elementor-widget elementor-widget-text-editor\" data-id=\"18a7b7db\" data-element_type=\"widget\" data-widget_type=\"text-editor.default\">\n\t\t\t\t<div class=\"elementor-widget-container\">\n\t\t\t<style>\/*! elementor - v3.17.0 - 08-11-2023 *\/\n.elementor-widget-text-editor.elementor-drop-cap-view-stacked .elementor-drop-cap{background-color:#69727d;color:#fff}.elementor-widget-text-editor.elementor-drop-cap-view-framed .elementor-drop-cap{color:#69727d;border:3px solid;background-color:transparent}.elementor-widget-text-editor:not(.elementor-drop-cap-view-default) .elementor-drop-cap{margin-top:8px}.elementor-widget-text-editor:not(.elementor-drop-cap-view-default) .elementor-drop-cap-letter{width:1em;height:1em}.elementor-widget-text-editor .elementor-drop-cap{float:left;text-align:center;line-height:1;font-size:50px}.elementor-widget-text-editor .elementor-drop-cap-letter{display:inline-block}<\/style>\t\t\t\t\t<div class=\"elementor-text-editor elementor-clearfix\">\n\t\t\t\t<p><strong>Conoc\u00e9 el Portal de Salud CMIC<\/strong><\/p><p>Tu historia cl\u00ednica, en un solo lugar.<br \/>-Sac\u00e1 turnos con tus m\u00e9dicos <br \/>sin moverte de casa<br \/>-Reserv\u00e1 estudios: ecograf\u00edas, mamograf\u00edas,<br \/>tomograf\u00edas y m\u00e1s<br \/>-Consult\u00e1 tus resultados<br \/>de laboratorio e im\u00e1genes<br \/>-Compart\u00ed tus informes<br \/>con tu m\u00e9dico de cabecera<br \/>-Acced\u00e9 desde cualquier dispositivo,<br \/>de forma r\u00e1pida y segura<\/p><p><strong>M\u00e1s simple, m\u00e1s conectado, m\u00e1s cerca tuyo.<\/strong><\/p>\t\t\t\t\t<\/div>\n\t\t\t\t\t\t<\/div>\n\t\t\t\t<\/div>\n\t\t\t\t\t\t<\/div>\n\t\t\t\t\t<\/div>\n\t\t<\/div>\n\t\t\t\t\t\t\t\t<\/div>\n\t\t\t\t\t<\/div>\n\t\t<\/section>\n\t\t\t\t\t\t<\/div>\n\t\t\t\t\t<\/div>\n\t\t<\/div>\n\t\t\t\t\t\t\t\t<\/div>\n\t\t\t\t\t<\/div>\n\t\t<\/section>\n\t\t\t\t<section class=\"elementor-section elementor-top-section elementor-element elementor-element-e1bbb69 elementor-section-boxed elementor-section-height-default elementor-section-height-default\" data-id=\"e1bbb69\" data-element_type=\"section\" data-settings=\"{&quot;_ha_eqh_enable&quot;:false}\">\n\t\t\t\t\t\t<div class=\"elementor-container elementor-column-gap-default\">\n\t\t\t\t\t\t\t<div class=\"elementor-row\">\n\t\t\t\t\t<div class=\"elementor-column elementor-col-25 elementor-top-column elementor-element elementor-element-7162081\" data-id=\"7162081\" data-element_type=\"column\">\n\t\t\t<div class=\"elementor-column-wrap\">\n\t\t\t\t\t\t\t<div class=\"elementor-widget-wrap\">\n\t\t\t\t\t\t\t\t<\/div>\n\t\t\t\t\t<\/div>\n\t\t<\/div>\n\t\t\t\t<div class=\"elementor-column elementor-col-25 elementor-top-column elementor-element elementor-element-7d61b2f\" data-id=\"7d61b2f\" data-element_type=\"column\">\n\t\t\t<div class=\"elementor-column-wrap elementor-element-populated\">\n\t\t\t\t\t\t\t<div class=\"elementor-widget-wrap\">\n\t\t\t\t\t\t<div class=\"elementor-element elementor-element-15e662e elementor-widget__width-initial elementor-widget elementor-widget-video\" data-id=\"15e662e\" data-element_type=\"widget\" data-settings=\"{&quot;video_type&quot;:&quot;hosted&quot;,&quot;controls&quot;:&quot;yes&quot;}\" data-widget_type=\"video.default\">\n\t\t\t\t<div class=\"elementor-widget-container\">\n\t\t\t<style>\/*! elementor - v3.17.0 - 08-11-2023 *\/\n.elementor-widget-video .elementor-widget-container{overflow:hidden;transform:translateZ(0)}.elementor-widget-video .elementor-wrapper{aspect-ratio:var(--video-aspect-ratio)}.elementor-widget-video .elementor-wrapper iframe,.elementor-widget-video .elementor-wrapper video{height:100%;width:100%;display:flex;border:none;background-color:#000}@supports not (aspect-ratio:1\/1){.elementor-widget-video .elementor-wrapper{position:relative;overflow:hidden;height:0;padding-bottom:calc(100% \/ var(--video-aspect-ratio))}.elementor-widget-video .elementor-wrapper iframe,.elementor-widget-video .elementor-wrapper video{position:absolute;top:0;right:0;bottom:0;left:0}}.elementor-widget-video .elementor-open-inline .elementor-custom-embed-image-overlay{position:absolute;top:0;right:0;bottom:0;left:0;background-size:cover;background-position:50%}.elementor-widget-video .elementor-custom-embed-image-overlay{cursor:pointer;text-align:center}.elementor-widget-video .elementor-custom-embed-image-overlay:hover .elementor-custom-embed-play i{opacity:1}.elementor-widget-video .elementor-custom-embed-image-overlay img{display:block;width:100%;aspect-ratio:var(--video-aspect-ratio);-o-object-fit:cover;object-fit:cover;-o-object-position:center center;object-position:center center}@supports not (aspect-ratio:1\/1){.elementor-widget-video .elementor-custom-embed-image-overlay{position:relative;overflow:hidden;height:0;padding-bottom:calc(100% \/ var(--video-aspect-ratio))}.elementor-widget-video .elementor-custom-embed-image-overlay img{position:absolute;top:0;right:0;bottom:0;left:0}}.elementor-widget-video .e-hosted-video .elementor-video{-o-object-fit:cover;object-fit:cover}.e-con-inner>.elementor-widget-video,.e-con>.elementor-widget-video{width:var(--container-widget-width);--flex-grow:var(--container-widget-flex-grow)}<\/style>\t\t<div class=\"e-hosted-video elementor-wrapper elementor-open-inline\">\n\t\t\t\t\t<video class=\"elementor-video\" src=\"http:\/\/www.cmic.com.ar\/cmic-website\/wp-content\/uploads\/2025\/06\/CMIC-Portal-Paciente_Reel-1.mp4\" controls=\"\" preload=\"metadata\" controlsList=\"nodownload\"><\/video>\n\t\t\t\t<\/div>\n\t\t\t\t<\/div>\n\t\t\t\t<\/div>\n\t\t\t\t\t\t<\/div>\n\t\t\t\t\t<\/div>\n\t\t<\/div>\n\t\t\t\t<div class=\"elementor-column elementor-col-25 elementor-top-column elementor-element elementor-element-68941af\" data-id=\"68941af\" data-element_type=\"column\">\n\t\t\t<div class=\"elementor-column-wrap elementor-element-populated\">\n\t\t\t\t\t\t\t<div class=\"elementor-widget-wrap\">\n\t\t\t\t\t\t<div class=\"elementor-element elementor-element-f398805 elementor-widget elementor-widget-image\" data-id=\"f398805\" data-element_type=\"widget\" data-widget_type=\"image.default\">\n\t\t\t\t<div class=\"elementor-widget-container\">\n\t\t\t<style>\/*! elementor - v3.17.0 - 08-11-2023 *\/\n.elementor-widget-image{text-align:center}.elementor-widget-image a{display:inline-block}.elementor-widget-image a img[src$=\".svg\"]{width:48px}.elementor-widget-image img{vertical-align:middle;display:inline-block}<\/style>\t\t\t\t\t<div class=\"elementor-image\">\n\t\t\t\t\t\t\t\t\t\t\t\t<img loading=\"lazy\" decoding=\"async\" width=\"1024\" height=\"1024\" src=\"https:\/\/www.cmic.com.ar\/cmic-website\/wp-content\/uploads\/2025\/06\/TUTORIAL-PORTAL-DE-SALUD-1024x1024.png\" class=\"attachment-large size-large wp-image-1795\" alt=\"\" srcset=\"https:\/\/www.cmic.com.ar\/cmic-website\/wp-content\/uploads\/2025\/06\/TUTORIAL-PORTAL-DE-SALUD-1024x1024.png 1024w, https:\/\/www.cmic.com.ar\/cmic-website\/wp-content\/uploads\/2025\/06\/TUTORIAL-PORTAL-DE-SALUD-300x300.png 300w, https:\/\/www.cmic.com.ar\/cmic-website\/wp-content\/uploads\/2025\/06\/TUTORIAL-PORTAL-DE-SALUD-150x150.png 150w, https:\/\/www.cmic.com.ar\/cmic-website\/wp-content\/uploads\/2025\/06\/TUTORIAL-PORTAL-DE-SALUD-768x768.png 768w, https:\/\/www.cmic.com.ar\/cmic-website\/wp-content\/uploads\/2025\/06\/TUTORIAL-PORTAL-DE-SALUD-1536x1536.png 1536w, https:\/\/www.cmic.com.ar\/cmic-website\/wp-content\/uploads\/2025\/06\/TUTORIAL-PORTAL-DE-SALUD-440x440.png 440w, https:\/\/www.cmic.com.ar\/cmic-website\/wp-content\/uploads\/2025\/06\/TUTORIAL-PORTAL-DE-SALUD-180x180.png 180w, https:\/\/www.cmic.com.ar\/cmic-website\/wp-content\/uploads\/2025\/06\/TUTORIAL-PORTAL-DE-SALUD-120x120.png 120w, https:\/\/www.cmic.com.ar\/cmic-website\/wp-content\/uploads\/2025\/06\/TUTORIAL-PORTAL-DE-SALUD.png 1654w\" sizes=\"(max-width: 1024px) 100vw, 1024px\" \/>\t\t\t\t\t\t\t\t\t\t\t\t\t\t<\/div>\n\t\t\t\t\t\t<\/div>\n\t\t\t\t<\/div>\n\t\t\t\t\t\t<\/div>\n\t\t\t\t\t<\/div>\n\t\t<\/div>\n\t\t\t\t<div class=\"elementor-column elementor-col-25 elementor-top-column elementor-element elementor-element-64de114\" data-id=\"64de114\" data-element_type=\"column\">\n\t\t\t<div class=\"elementor-column-wrap\">\n\t\t\t\t\t\t\t<div class=\"elementor-widget-wrap\">\n\t\t\t\t\t\t\t\t<\/div>\n\t\t\t\t\t<\/div>\n\t\t<\/div>\n\t\t\t\t\t\t\t\t<\/div>\n\t\t\t\t\t<\/div>\n\t\t<\/section>\n\t\t\t\t<section class=\"elementor-section elementor-top-section elementor-element elementor-element-338ae05 elementor-section-boxed elementor-section-height-default elementor-section-height-default\" data-id=\"338ae05\" data-element_type=\"section\" data-settings=\"{&quot;_ha_eqh_enable&quot;:false}\">\n\t\t\t\t\t\t<div class=\"elementor-container elementor-column-gap-default\">\n\t\t\t\t\t\t\t<div class=\"elementor-row\">\n\t\t\t\t\t<div class=\"elementor-column elementor-col-100 elementor-top-column elementor-element elementor-element-65affcb\" data-id=\"65affcb\" data-element_type=\"column\">\n\t\t\t<div class=\"elementor-column-wrap elementor-element-populated\">\n\t\t\t\t\t\t\t<div class=\"elementor-widget-wrap\">\n\t\t\t\t\t\t<div class=\"elementor-element elementor-element-3c39c69 elementor-align-center elementor-widget elementor-widget-button\" data-id=\"3c39c69\" data-element_type=\"widget\" data-widget_type=\"button.default\">\n\t\t\t\t<div class=\"elementor-widget-container\">\n\t\t\t\t\t<div class=\"elementor-button-wrapper\">\n\t\t\t<a class=\"elementor-button elementor-button-link elementor-size-sm\" href=\"https:\/\/portalsalud.grupocemico.com.ar\/#\/options\" target=\"_blank\">\n\t\t\t\t\t\t<span class=\"elementor-button-content-wrapper\">\n\t\t\t\t\t\t<span class=\"elementor-button-text\">Ingresar al Portal<\/span>\n\t\t<\/span>\n\t\t\t\t\t<\/a>\n\t\t<\/div>\n\t\t\t\t<\/div>\n\t\t\t\t<\/div>\n\t\t\t\t\t\t<\/div>\n\t\t\t\t\t<\/div>\n\t\t<\/div>\n\t\t\t\t\t\t\t\t<\/div>\n\t\t\t\t\t<\/div>\n\t\t<\/section>\n\t\t\t\t\t\t\t\t\t<\/div>\n\t\t\t<\/div>\n\t\t\t\t\t<\/div>\n\t\t","protected":false},"excerpt":{"rendered":"<p>Portal de Salud Conoc\u00e9 el Portal de Salud CMIC Tu historia cl\u00ednica, en un solo lugar.-Sac\u00e1 turnos con tus m\u00e9dicos sin moverte de casa-Reserv\u00e1 estudios: ecograf\u00edas, mamograf\u00edas,tomograf\u00edas y m\u00e1s-Consult\u00e1 tus resultadosde laboratorio e im\u00e1genes-Compart\u00ed tus informescon tu m\u00e9dico de cabecera-Acced\u00e9 desde cualquier dispositivo,de forma r\u00e1pida y segura M\u00e1s simple, m\u00e1s conectado, m\u00e1s cerca tuyo. http:\/\/www.cmic.com.ar\/cmic-website\/wp-content\/uploads\/2025\/06\/CMIC-Portal-Paciente_Reel-1.mp4 [&hellip;]<\/p>\n","protected":false},"author":5,"featured_media":0,"parent":0,"menu_order":0,"comment_status":"closed","ping_status":"closed","template":"","meta":{"inline_featured_image":false,"footnotes":""},"_links":{"self":[{"href":"https:\/\/www.cmic.com.ar\/cmic-website\/wp-json\/wp\/v2\/pages\/1703"}],"collection":[{"href":"https:\/\/www.cmic.com.ar\/cmic-website\/wp-json\/wp\/v2\/pages"}],"about":[{"href":"https:\/\/www.cmic.com.ar\/cmic-website\/wp-json\/wp\/v2\/types\/page"}],"author":[{"embeddable":true,"href":"https:\/\/www.cmic.com.ar\/cmic-website\/wp-json\/wp\/v2\/users\/5"}],"replies":[{"embeddable":true,"href":"https:\/\/www.cmic.com.ar\/cmic-website\/wp-json\/wp\/v2\/comments?post=1703"}],"version-history":[{"count":49,"href":"https:\/\/www.cmic.com.ar\/cmic-website\/wp-json\/wp\/v2\/pages\/1703\/revisions"}],"predecessor-version":[{"id":1840,"href":"https:\/\/www.cmic.com.ar\/cmic-website\/wp-json\/wp\/v2\/pages\/1703\/revisions\/1840"}],"wp:attachment":[{"href":"https:\/\/www.cmic.com.ar\/cmic-website\/wp-json\/wp\/v2\/media?parent=1703"}],"curies":[{"name":"wp","href":"https:\/\/api.w.org\/{rel}","templated":true}]}}