{"id":245,"date":"2016-03-03T12:56:38","date_gmt":"2016-03-03T15:56:38","guid":{"rendered":"http:\/\/cmic.com.ar\/cmic-website\/?page_id=245"},"modified":"2021-07-19T11:46:00","modified_gmt":"2021-07-19T14:46:00","slug":"servicios-medicos-consultorios-externos","status":"publish","type":"page","link":"https:\/\/www.cmic.com.ar\/cmic-website\/servicios-medicos\/servicios-medicos-consultorios-externos\/","title":{"rendered":"Consultorios Externos"},"content":{"rendered":"<h1><span style=\"color: #003366;\">Consultorios Externos<\/span><\/h1>\n<h2><span style=\"color: #333333;\"><em>La salud no lo es todo, pero sin salud, no tenemos nada<\/em><\/span><\/h2>\n<p>La salud es responsabilidad de cada uno, y depende de los actos y actitudes del d\u00eda a d\u00eda.\u00a0Depende de nuestra forma de ver la vida, de nuestra actitud ante ella y de nuestras emociones y pensamientos.<\/p>\n<p>Podemos ver a la salud como el estado en que un ser vivo ejerce normalmente sus funciones.\u00a0Al desarrollarse una enfermedad, sea cual fuere, \u00e9stas funciones se pueden da\u00f1ar o cambiar.<\/p>\n<p>Para ambos casos hay tratamientos m\u00e9dicos.<\/p>\n<h2>Descripci\u00f3n del Servicio<\/h2>\n<h3>Equipo<\/h3>\n<h4>Cl\u00ednica M\u00e9dica<\/h4>\n<ul>\n<li>Dra. Flavia Sibona<\/li>\n<li>Dra. Yanina Schmunck<\/li>\n<li>Dr. Jos\u00e9 Allevato<\/li>\n<li>Dr. Pablo Etcheverry<\/li>\n<li>Dr. Juan Mar\u00eda Vargas<\/li>\n<li>Dr. Fern\u00e1ndez C\u00e1nepa<\/li>\n<li>Dr. Nic\u00f3medes Carranza<\/li>\n<li>Dr. Fernando Fuhr<\/li>\n<li>Dra. Mar\u00eda Laura Gonz\u00e1lez<\/li>\n<\/ul>\n<h4>Ginecolog\u00eda<\/h4>\n<ul>\n<li>Dra. Mar\u00eda Soledad Aodassio<\/li>\n<li>Dr. Guillermo Zorrilla<\/li>\n<li>Dr. Mart\u00ednez Luque<\/li>\n<li>Dra. Alejandra Avalos<\/li>\n<li>Dr. Marcelo Rom\u00e1n<\/li>\n<\/ul>\n<h4>Ecograf\u00eda Ginecol\u00f3gica<\/h4>\n<ul>\n<li>Dr. Luis Fern\u00e1ndez Miranda<\/li>\n<\/ul>\n<h4>Mastolog\u00eda<\/h4>\n<ul>\n<li>Dr. Marcelo Rom\u00e1n<\/li>\n<\/ul>\n<h4>Cardiolog\u00eda<\/h4>\n<ul>\n<li>Dr. Pablo Courtade<\/li>\n<li>Dr. Claudio L\u00f3pez<\/li>\n<\/ul>\n<h4>Cirug\u00eda General<\/h4>\n<ul>\n<li>Dr. Santiago Naranjo<\/li>\n<li>Dr. Juan Jos\u00e9 Bustos<\/li>\n<li>Dr. Pablo San Mart\u00edn<\/li>\n<li>Dr. \u00c1lvaro \u00c1lvarez<\/li>\n<li>Dr. Roberto Linares<\/li>\n<\/ul>\n<h4>Cirug\u00eda Vascular<\/h4>\n<ul>\n<li>Dr. Daniel Ruiz<\/li>\n<li>Dr. Juan Jos\u00e9 Bustos<\/li>\n<\/ul>\n<h4>Traumatolog\u00eda<\/h4>\n<ul>\n<li>Dr. Pablo Scigliano<\/li>\n<li>Dr. Sebasti\u00e1n Benetti<\/li>\n<li>Dr. Jorge Perez Bambil<\/li>\n<li>Dr. C\u00e9sar Kremer<\/li>\n<\/ul>\n<h4>Flebolog\u00eda<\/h4>\n<ul>\n<li>Dr. Juan Jos\u00e9 Bustos<\/li>\n<li>Dr. Daniel Ruiz<\/li>\n<\/ul>\n<h4>Cirug\u00eda Infantil<\/h4>\n<ul>\n<li>Dr. Claudio de Carli<\/li>\n<\/ul>\n<h4>Urolog\u00eda<\/h4>\n<ul>\n<li>Dr. Carlos Moreno Ocampos<\/li>\n<li>Dr. Alejandro Pe\u00f1alva<\/li>\n<li>Dr. Sergio Viale<\/li>\n<\/ul>\n<h4>Gastroenterolog\u00eda<\/h4>\n<ul>\n<li>Dra. Ana Chiappero<\/li>\n<li>Dr. Sergio Barril<\/li>\n<li>Dra. Silvina Espi\u00f1eira<\/li>\n<li>Dr. Sebasti\u00e1n Esteves<\/li>\n<li>Dra. Emiliana Martinez<\/li>\n<\/ul>\n<h4>Nutrici\u00f3n<\/h4>\n<ul>\n<li>Lic. Natalia Soria<\/li>\n<li>Lic. Yanina Bolatti<\/li>\n<\/ul>\n<h4>Dermatolog\u00eda<\/h4>\n<ul>\n<li>Dra. Teresa Maruenda<\/li>\n<li>Dra. Estefan\u00eda Bonfigli<\/li>\n<\/ul>\n<h4>Psicolog\u00eda<\/h4>\n<ul>\n<li>Lic. Jorge Isuef<\/li>\n<li>Lic. Marta Manrique<\/li>\n<li>Lic. Ver\u00f3nica Morel Cortez<\/li>\n<\/ul>\n<h4>Hepatolog\u00eda<\/h4>\n<ul>\n<li>Dra. Beatriz R\u00edos<\/li>\n<li>Dra. Jos\u00e9 Allevato<\/li>\n<\/ul>\n<h4>Pediatr\u00eda<\/h4>\n<ul>\n<li>Dra. Paulina Castello<\/li>\n<li>Dra. Mar\u00eda Fernanda Cozza<\/li>\n<li>Dra. Mar\u00eda Alejandra Frias<\/li>\n<li>Dra. Rut Herrera<\/li>\n<li>Dra. Tatiana Matzkin<\/li>\n<\/ul>\n<h4>Otomisiones ac\u00fasticas<\/h4>\n<ul>\n<li>Dra. Alejandra Goyenechea<\/li>\n<\/ul>\n<h4>Otorrinolaringolog\u00eda<\/h4>\n<ul>\n<li>Dr. Fernando Arru\u00f1ada<\/li>\n<li>Dr. Mariano Garc\u00eda<\/li>\n<\/ul>\n<h4>Cardiolog\u00eda Infantil<\/h4>\n<ul>\n<li>Dra. Carolina Ramallo<\/li>\n<\/ul>\n<h4>Neurointensivista<\/h4>\n<ul>\n<li>Dra. Silvana Svampa<\/li>\n<\/ul>\n<h4>Puericultura<\/h4>\n<ul>\n<li>Dra. Sayi Mariani<\/li>\n<\/ul>\n<h4>Coloproctolog\u00eda<\/h4>\n<ul>\n<li>Dr. Luis D\u00edaz<\/li>\n<\/ul>\n<h4>Oncolog\u00eda<\/h4>\n<ul>\n<li>Dr. Mauricio Pe\u00f1aloza<\/li>\n<\/ul>\n<h2>El servicio<\/h2>\n<p>En consultorios externos, trabajamos con turnos programados, que pueden obtenerse personalmente, por v\u00eda telef\u00f3nica o mail desde nuestra p\u00e1gina web.<\/p>\n<p>Contamos con profesionales especializados en distintas \u00e1reas de la medicina, internos o externos a la Cl\u00ednica, que nos posibilitan una amplia cobertura m\u00e9dica.<\/p>\n<h2>Resultados del servicio<\/h2>\n<p>En 2015, se realizaron m\u00e1s de 45000 consultas.\u00a0A fines de mejorar la calidad de atenci\u00f3n de los pacientes, se desarroll\u00f3 un call center para la atenci\u00f3n telef\u00f3nica de los pacientes.<\/p>\n","protected":false},"excerpt":{"rendered":"<p>Consultorios Externos La salud no lo es todo, pero sin salud, no tenemos nada La salud es responsabilidad de cada uno, y depende de los actos y actitudes del d\u00eda a d\u00eda.\u00a0Depende de nuestra forma de ver la vida, de nuestra actitud ante ella y de nuestras emociones y pensamientos. Podemos ver a la salud [&hellip;]<\/p>\n","protected":false},"author":1,"featured_media":0,"parent":13,"menu_order":0,"comment_status":"closed","ping_status":"closed","template":"","meta":{"inline_featured_image":false,"footnotes":""},"_links":{"self":[{"href":"https:\/\/www.cmic.com.ar\/cmic-website\/wp-json\/wp\/v2\/pages\/245"}],"collection":[{"href":"https:\/\/www.cmic.com.ar\/cmic-website\/wp-json\/wp\/v2\/pages"}],"about":[{"href":"https:\/\/www.cmic.com.ar\/cmic-website\/wp-json\/wp\/v2\/types\/page"}],"author":[{"embeddable":true,"href":"https:\/\/www.cmic.com.ar\/cmic-website\/wp-json\/wp\/v2\/users\/1"}],"replies":[{"embeddable":true,"href":"https:\/\/www.cmic.com.ar\/cmic-website\/wp-json\/wp\/v2\/comments?post=245"}],"version-history":[{"count":3,"href":"https:\/\/www.cmic.com.ar\/cmic-website\/wp-json\/wp\/v2\/pages\/245\/revisions"}],"predecessor-version":[{"id":510,"href":"https:\/\/www.cmic.com.ar\/cmic-website\/wp-json\/wp\/v2\/pages\/245\/revisions\/510"}],"up":[{"embeddable":true,"href":"https:\/\/www.cmic.com.ar\/cmic-website\/wp-json\/wp\/v2\/pages\/13"}],"wp:attachment":[{"href":"https:\/\/www.cmic.com.ar\/cmic-website\/wp-json\/wp\/v2\/media?parent=245"}],"curies":[{"name":"wp","href":"https:\/\/api.w.org\/{rel}","templated":true}]}}